{"id":340,"date":"2023-09-07T11:54:35","date_gmt":"2023-09-07T09:54:35","guid":{"rendered":"https:\/\/blog.agrofortis.pl\/?page_id=340"},"modified":"2025-09-18T13:14:54","modified_gmt":"2025-09-18T11:14:54","slug":"ziemia-i-prawo","status":"publish","type":"page","link":"https:\/\/blog.agrofortis.pl\/index.php\/ziemia-i-prawo\/","title":{"rendered":"Ziemia i prawo"},"content":{"rendered":"\t\t<div data-elementor-type=\"wp-page\" data-elementor-id=\"340\" class=\"elementor elementor-340\">\n\t\t\t\t\t\t\t\t\t<section class=\"elementor-section elementor-top-section elementor-element elementor-element-b346228 elementor-section-boxed elementor-section-height-default elementor-section-height-default\" data-id=\"b346228\" data-element_type=\"section\" data-settings=\"{&quot;background_background&quot;:&quot;classic&quot;}\">\n\t\t\t\t\t\t<div class=\"elementor-container elementor-column-gap-default\">\n\t\t\t\t\t<div class=\"elementor-column elementor-col-100 elementor-top-column elementor-element elementor-element-a28910a\" data-id=\"a28910a\" data-element_type=\"column\">\n\t\t\t<div class=\"elementor-widget-wrap elementor-element-populated\">\n\t\t\t\t\t\t\t\t<div class=\"elementor-element elementor-element-9ac6c91 elementor-widget elementor-widget-heading\" data-id=\"9ac6c91\" data-element_type=\"widget\" data-widget_type=\"heading.default\">\n\t\t\t\t<div class=\"elementor-widget-container\">\n\t\t\t<style>\/*! elementor - v3.15.0 - 20-08-2023 *\/\n.elementor-heading-title{padding:0;margin:0;line-height:1}.elementor-widget-heading .elementor-heading-title[class*=elementor-size-]>a{color:inherit;font-size:inherit;line-height:inherit}.elementor-widget-heading .elementor-heading-title.elementor-size-small{font-size:15px}.elementor-widget-heading .elementor-heading-title.elementor-size-medium{font-size:19px}.elementor-widget-heading .elementor-heading-title.elementor-size-large{font-size:29px}.elementor-widget-heading .elementor-heading-title.elementor-size-xl{font-size:39px}.elementor-widget-heading .elementor-heading-title.elementor-size-xxl{font-size:59px}<\/style><h3 class=\"elementor-heading-title elementor-size-default\">Ziemia i prawo<\/h3>\t\t<\/div>\n\t\t\t\t<\/div>\n\t\t\t\t<div class=\"elementor-element elementor-element-68ded0a hfe-search-layout-icon_text elementor-widget elementor-widget-hfe-search-button\" data-id=\"68ded0a\" data-element_type=\"widget\" data-settings=\"{&quot;size&quot;:{&quot;unit&quot;:&quot;px&quot;,&quot;size&quot;:38,&quot;sizes&quot;:[]},&quot;size_tablet&quot;:{&quot;unit&quot;:&quot;px&quot;,&quot;size&quot;:&quot;&quot;,&quot;sizes&quot;:[]},&quot;size_mobile&quot;:{&quot;unit&quot;:&quot;px&quot;,&quot;size&quot;:&quot;&quot;,&quot;sizes&quot;:[]},&quot;icon_size&quot;:{&quot;unit&quot;:&quot;px&quot;,&quot;size&quot;:&quot;16&quot;,&quot;sizes&quot;:[]},&quot;icon_size_tablet&quot;:{&quot;unit&quot;:&quot;px&quot;,&quot;size&quot;:&quot;&quot;,&quot;sizes&quot;:[]},&quot;icon_size_mobile&quot;:{&quot;unit&quot;:&quot;px&quot;,&quot;size&quot;:&quot;&quot;,&quot;sizes&quot;:[]},&quot;button_width&quot;:{&quot;unit&quot;:&quot;px&quot;,&quot;size&quot;:&quot;&quot;,&quot;sizes&quot;:[]},&quot;button_width_tablet&quot;:{&quot;unit&quot;:&quot;px&quot;,&quot;size&quot;:&quot;&quot;,&quot;sizes&quot;:[]},&quot;button_width_mobile&quot;:{&quot;unit&quot;:&quot;px&quot;,&quot;size&quot;:&quot;&quot;,&quot;sizes&quot;:[]},&quot;close_icon_size&quot;:{&quot;unit&quot;:&quot;px&quot;,&quot;size&quot;:&quot;20&quot;,&quot;sizes&quot;:[]},&quot;close_icon_size_tablet&quot;:{&quot;unit&quot;:&quot;px&quot;,&quot;size&quot;:&quot;&quot;,&quot;sizes&quot;:[]},&quot;close_icon_size_mobile&quot;:{&quot;unit&quot;:&quot;px&quot;,&quot;size&quot;:&quot;&quot;,&quot;sizes&quot;:[]}}\" data-widget_type=\"hfe-search-button.default\">\n\t\t\t\t<div class=\"elementor-widget-container\">\n\t\t\t\t\t<form class=\"hfe-search-button-wrapper\" role=\"search\" action=\"https:\/\/blog.agrofortis.pl\" method=\"get\">\n\t\t\t\t\t\t<div class=\"hfe-search-form__container\" role=\"tablist\">\n\t\t\t\t\t\t\t\t\t<input placeholder=\"Wyszukaj...\" class=\"hfe-search-form__input\" type=\"search\" name=\"s\" title=\"Search\" value=\"\">\n\t\t\t\t\t<button id=\"clear-with-button\" type=\"reset\">\n\t\t\t\t\t\t<i class=\"fas fa-times\" aria-hidden=\"true\"><\/i>\n\t\t\t\t\t<\/button>\n\t\t\t\t\t<button class=\"hfe-search-submit\" type=\"submit\">\n\t\t\t\t\t\t<i class=\"fas fa-search\" aria-hidden=\"true\"><\/i>\n\t\t\t\t\t<\/button>\n\t\t\t\t\t\t\t<\/div>\n\t\t\t\t<\/form>\n\t\t\t\t<\/div>\n\t\t\t\t<\/div>\n\t\t\t\t<div class=\"elementor-element elementor-element-fa52b41 elementor-grid-eael-col-4 elementor-grid-tablet-eael-col-2 elementor-grid-mobile-eael-col-1 elementor-widget elementor-widget-eael-post-grid\" data-id=\"fa52b41\" data-element_type=\"widget\" data-settings=\"{&quot;eael_post_grid_columns&quot;:&quot;eael-col-4&quot;,&quot;eael_post_grid_columns_tablet&quot;:&quot;eael-col-2&quot;,&quot;eael_post_grid_columns_mobile&quot;:&quot;eael-col-1&quot;}\" data-widget_type=\"eael-post-grid.default\">\n\t\t\t\t<div class=\"elementor-widget-container\">\n\t\t\t<div id=\"eael-post-grid-fa52b41\" class=\"eael-post-grid-container\">\n            <div class=\"eael-post-grid eael-post-appender eael-post-appender-fa52b41 eael-post-grid-style-two\" data-layout-mode=\"grid\"><article class=\"eael-grid-post eael-post-grid-column\" data-id=\"330\">\n        <div class=\"eael-grid-post-holder\">\n            <div class=\"eael-grid-post-holder-inner\"><div class=\"eael-entry-media\"><div class=\"eael-entry-overlay fade-in\"><i class=\"fas fa-long-arrow-alt-right\" aria-hidden=\"true\"><\/i><a href=\"https:\/\/blog.agrofortis.pl\/index.php\/2023\/09\/07\/ustawa-o-ksztaltowaniu-ustroju-rolnego-stroz-zdrowego-rozwoju-polskiego-rolnictwa\/\"><\/a><\/div><div class=\"eael-entry-thumbnail \">\n                                <img loading=\"lazy\" width=\"400\" height=\"400\" src=\"https:\/\/blog.agrofortis.pl\/wp-content\/uploads\/2023\/09\/Kopia-CZY-WARTO-INWESTOWAC-W-ZIEMIE-1000-x-300-px-2.png\" class=\"attachment-full size-full wp-image-331\" alt=\"\" decoding=\"async\" srcset=\"https:\/\/blog.agrofortis.pl\/wp-content\/uploads\/2023\/09\/Kopia-CZY-WARTO-INWESTOWAC-W-ZIEMIE-1000-x-300-px-2.png 400w, https:\/\/blog.agrofortis.pl\/wp-content\/uploads\/2023\/09\/Kopia-CZY-WARTO-INWESTOWAC-W-ZIEMIE-1000-x-300-px-2-300x300.png 300w, https:\/\/blog.agrofortis.pl\/wp-content\/uploads\/2023\/09\/Kopia-CZY-WARTO-INWESTOWAC-W-ZIEMIE-1000-x-300-px-2-150x150.png 150w\" sizes=\"(max-width: 400px) 100vw, 400px\" \/>\n                              <\/div>\n                      <\/div><div class=\"eael-entry-wrapper\"><header class=\"eael-entry-header\"><h2 class=\"eael-entry-title\"><a\n                                    class=\"eael-grid-post-link\"\n                                    href=\"https:\/\/blog.agrofortis.pl\/index.php\/2023\/09\/07\/ustawa-o-ksztaltowaniu-ustroju-rolnego-stroz-zdrowego-rozwoju-polskiego-rolnictwa\/\"\n                                    title=\"Ustawa o kszta\u0142towaniu ustroju rolnego: Str\u00f3\u017c Zdrowego Rozwoju Polskiego Rolnictwa\">Ustawa o kszta\u0142towaniu ustroju rolnego: Str\u00f3\u017c Zdrowego Rozwoju Polskiego Rolnictwa<\/a><\/h2><\/header><div class=\"eael-entry-header-after style-two\"><div class=\"eael-entry-meta\"><span class=\"eael-posted-on eael-meta-posted-on\"><i class=\"far fa-clock\"><\/i><time datetime=\"2023-09-07\">2023-09-07<\/time><\/span><\/div><\/div><\/div><\/div>\n        <\/div>\n    <\/article><article class=\"eael-grid-post eael-post-grid-column\" data-id=\"323\">\n        <div class=\"eael-grid-post-holder\">\n            <div class=\"eael-grid-post-holder-inner\"><div class=\"eael-entry-media\"><div class=\"eael-entry-overlay fade-in\"><i class=\"fas fa-long-arrow-alt-right\" aria-hidden=\"true\"><\/i><a href=\"https:\/\/blog.agrofortis.pl\/index.php\/2023\/09\/07\/procedura-nabywania-niezabudowanych-gruntow-rolnych-do-powierzchni-1-ha\/\"><\/a><\/div><div class=\"eael-entry-thumbnail \">\n                                <img loading=\"lazy\" width=\"400\" height=\"400\" src=\"https:\/\/blog.agrofortis.pl\/wp-content\/uploads\/2023\/09\/Kopia-CZY-WARTO-INWESTOWAC-W-ZIEMIE-1000-x-300-px-1.png\" class=\"attachment-full size-full wp-image-324\" alt=\"\" decoding=\"async\" srcset=\"https:\/\/blog.agrofortis.pl\/wp-content\/uploads\/2023\/09\/Kopia-CZY-WARTO-INWESTOWAC-W-ZIEMIE-1000-x-300-px-1.png 400w, https:\/\/blog.agrofortis.pl\/wp-content\/uploads\/2023\/09\/Kopia-CZY-WARTO-INWESTOWAC-W-ZIEMIE-1000-x-300-px-1-300x300.png 300w, https:\/\/blog.agrofortis.pl\/wp-content\/uploads\/2023\/09\/Kopia-CZY-WARTO-INWESTOWAC-W-ZIEMIE-1000-x-300-px-1-150x150.png 150w\" sizes=\"(max-width: 400px) 100vw, 400px\" \/>\n                              <\/div>\n                      <\/div><div class=\"eael-entry-wrapper\"><header class=\"eael-entry-header\"><h2 class=\"eael-entry-title\"><a\n                                    class=\"eael-grid-post-link\"\n                                    href=\"https:\/\/blog.agrofortis.pl\/index.php\/2023\/09\/07\/procedura-nabywania-niezabudowanych-gruntow-rolnych-do-powierzchni-1-ha\/\"\n                                    title=\"Procedura nabywania niezabudowanych grunt\u00f3w rolnych do powierzchni 1 ha\">Procedura nabywania niezabudowanych grunt\u00f3w rolnych do powierzchni 1 ha<\/a><\/h2><\/header><div class=\"eael-entry-header-after style-two\"><div class=\"eael-entry-meta\"><span class=\"eael-posted-on eael-meta-posted-on\"><i class=\"far fa-clock\"><\/i><time datetime=\"2023-09-07\">2023-09-07<\/time><\/span><\/div><\/div><\/div><\/div>\n        <\/div>\n    <\/article><article class=\"eael-grid-post eael-post-grid-column\" data-id=\"312\">\n        <div class=\"eael-grid-post-holder\">\n            <div class=\"eael-grid-post-holder-inner\"><div class=\"eael-entry-media\"><div class=\"eael-entry-overlay fade-in\"><i class=\"fas fa-long-arrow-alt-right\" aria-hidden=\"true\"><\/i><a href=\"https:\/\/blog.agrofortis.pl\/index.php\/2023\/09\/07\/agencja-nieruchomosci-rolnych-anr-i-krajowy-osrodek-wsparcia-rolnictwa-kowr-straznicy-ziemi-rolnej-w-polsce\/\"><\/a><\/div><div class=\"eael-entry-thumbnail \">\n                                <img loading=\"lazy\" width=\"400\" height=\"400\" src=\"https:\/\/blog.agrofortis.pl\/wp-content\/uploads\/2023\/09\/Kopia-CZY-WARTO-INWESTOWAC-W-ZIEMIE-1000-x-300-px.png\" class=\"attachment-full size-full wp-image-321\" alt=\"\" decoding=\"async\" srcset=\"https:\/\/blog.agrofortis.pl\/wp-content\/uploads\/2023\/09\/Kopia-CZY-WARTO-INWESTOWAC-W-ZIEMIE-1000-x-300-px.png 400w, https:\/\/blog.agrofortis.pl\/wp-content\/uploads\/2023\/09\/Kopia-CZY-WARTO-INWESTOWAC-W-ZIEMIE-1000-x-300-px-300x300.png 300w, https:\/\/blog.agrofortis.pl\/wp-content\/uploads\/2023\/09\/Kopia-CZY-WARTO-INWESTOWAC-W-ZIEMIE-1000-x-300-px-150x150.png 150w\" sizes=\"(max-width: 400px) 100vw, 400px\" \/>\n                              <\/div>\n                      <\/div><div class=\"eael-entry-wrapper\"><header class=\"eael-entry-header\"><h2 class=\"eael-entry-title\"><a\n                                    class=\"eael-grid-post-link\"\n                                    href=\"https:\/\/blog.agrofortis.pl\/index.php\/2023\/09\/07\/agencja-nieruchomosci-rolnych-anr-i-krajowy-osrodek-wsparcia-rolnictwa-kowr-straznicy-ziemi-rolnej-w-polsce\/\"\n                                    title=\"Agencja Nieruchomo\u015bci Rolnych (ANR) i Krajowy O\u015brodek Wsparcia Rolnictwa (KOWR) \u2013Stra\u017cnicy Ziemi Rolnej w Polsce\">Agencja Nieruchomo\u015bci Rolnych (ANR) i Krajowy O\u015brodek Wsparcia Rolnictwa (KOWR) \u2013Stra\u017cnicy Ziemi Rolnej w Polsce<\/a><\/h2><\/header><div class=\"eael-entry-header-after style-two\"><div class=\"eael-entry-meta\"><span class=\"eael-posted-on eael-meta-posted-on\"><i class=\"far fa-clock\"><\/i><time datetime=\"2023-09-07\">2023-09-07<\/time><\/span><\/div><\/div><\/div><\/div>\n        <\/div>\n    <\/article><article class=\"eael-grid-post eael-post-grid-column\" data-id=\"746\">\n        <div class=\"eael-grid-post-holder\">\n            <div class=\"eael-grid-post-holder-inner\"><div class=\"eael-entry-media\"><div class=\"eael-entry-overlay fade-in\"><i class=\"fas fa-long-arrow-alt-right\" aria-hidden=\"true\"><\/i><a href=\"https:\/\/blog.agrofortis.pl\/index.php\/2022\/08\/26\/procedura-nabycia-ziemi-rolnej-w-polsce\/\"><\/a><\/div><div class=\"eael-entry-thumbnail \">\n                                <img loading=\"lazy\" width=\"400\" height=\"400\" src=\"https:\/\/blog.agrofortis.pl\/wp-content\/uploads\/2023\/08\/32-1.png\" class=\"attachment-full size-full wp-image-89\" alt=\"\" decoding=\"async\" srcset=\"https:\/\/blog.agrofortis.pl\/wp-content\/uploads\/2023\/08\/32-1.png 400w, https:\/\/blog.agrofortis.pl\/wp-content\/uploads\/2023\/08\/32-1-300x300.png 300w, https:\/\/blog.agrofortis.pl\/wp-content\/uploads\/2023\/08\/32-1-150x150.png 150w\" sizes=\"(max-width: 400px) 100vw, 400px\" \/>\n                              <\/div>\n                      <\/div><div class=\"eael-entry-wrapper\"><header class=\"eael-entry-header\"><h2 class=\"eael-entry-title\"><a\n                                    class=\"eael-grid-post-link\"\n                                    href=\"https:\/\/blog.agrofortis.pl\/index.php\/2022\/08\/26\/procedura-nabycia-ziemi-rolnej-w-polsce\/\"\n                                    title=\"Procedura nabycia ziemi rolnej w Polsce\">Procedura nabycia ziemi rolnej w Polsce<\/a><\/h2><\/header><div class=\"eael-entry-header-after style-two\"><div class=\"eael-entry-meta\"><span class=\"eael-posted-on eael-meta-posted-on\"><i class=\"far fa-clock\"><\/i><time datetime=\"2022-08-26\">2022-08-26<\/time><\/span><\/div><\/div><\/div><\/div>\n        <\/div>\n    <\/article><\/div>\n            <div class=\"clearfix\"><\/div>\n        <\/div>            <div class=\"eael-load-more-button-wrap\">\n                <button class=\"eael-load-more-button\" id=\"eael-load-more-btn-fa52b41\" data-widget-id=\"fa52b41\" data-widget=\"fa52b41\" data-page-id=\"340\" data-nonce=\"165127b70b\" data-template=\"{&quot;dir&quot;:&quot;lite&quot;,&quot;file_name&quot;:&quot;default.php&quot;,&quot;name&quot;:&quot;Post-Grid&quot;}\" data-class=\"Essential_Addons_Elementor\\Elements\\Post_Grid\" data-layout=\"grid\" data-page=\"1\" data-args=\"orderby=date&amp;order=desc&amp;ignore_sticky_posts=1&amp;post_status=publish&amp;posts_per_page=4&amp;offset=0&amp;post_type=post&amp;tax_query%5B0%5D%5Btaxonomy%5D=category&amp;tax_query%5B0%5D%5Bfield%5D=term_id&amp;tax_query%5B0%5D%5Bterms%5D%5B0%5D=4&amp;tax_query%5Brelation%5D=AND\" data-max-page=\"2\">\n                    <div class=\"eael-btn-loader button__loader\"><\/div>\n                    <span>Za\u0142aduj wi\u0119cej<\/span>\n                <\/button>\n            <\/div>\n        \t\t<\/div>\n\t\t\t\t<\/div>\n\t\t\t\t\t<\/div>\n\t\t<\/div>\n\t\t\t\t\t\t\t<\/div>\n\t\t<\/section>\n\t\t\t\t\t\t\t<\/div>\n\t\t","protected":false},"excerpt":{"rendered":"<p>Ziemia i prawo Ustawa o kszta\u0142towaniu ustroju rolnego: Str\u00f3\u017c Zdrowego Rozwoju Polskiego Rolnictwa 2023-09-07 Procedura nabywania niezabudowanych grunt\u00f3w rolnych do powierzchni 1 ha 2023-09-07 Agencja Nieruchomo\u015bci Rolnych (ANR) i Krajowy O\u015brodek Wsparcia Rolnictwa (KOWR) \u2013Stra\u017cnicy Ziemi Rolnej w Polsce 2023-09-07 Procedura nabycia ziemi rolnej w Polsce 2022-08-26 Za\u0142aduj wi\u0119cej<\/p>\n","protected":false},"author":2,"featured_media":0,"parent":0,"menu_order":0,"comment_status":"closed","ping_status":"closed","template":"","meta":{"site-sidebar-layout":"no-sidebar","site-content-layout":"page-builder","ast-site-content-layout":"","site-content-style":"default","site-sidebar-style":"default","ast-global-header-display":"","ast-banner-title-visibility":"","ast-main-header-display":"","ast-hfb-above-header-display":"","ast-hfb-below-header-display":"","ast-hfb-mobile-header-display":"","site-post-title":"disabled","ast-breadcrumbs-content":"","ast-featured-img":"disabled","footer-sml-layout":"","theme-transparent-header-meta":"","adv-header-id-meta":"","stick-header-meta":"","header-above-stick-meta":"","header-main-stick-meta":"","header-below-stick-meta":"","astra-migrate-meta-layouts":"","footnotes":""},"_links":{"self":[{"href":"https:\/\/blog.agrofortis.pl\/index.php\/wp-json\/wp\/v2\/pages\/340"}],"collection":[{"href":"https:\/\/blog.agrofortis.pl\/index.php\/wp-json\/wp\/v2\/pages"}],"about":[{"href":"https:\/\/blog.agrofortis.pl\/index.php\/wp-json\/wp\/v2\/types\/page"}],"author":[{"embeddable":true,"href":"https:\/\/blog.agrofortis.pl\/index.php\/wp-json\/wp\/v2\/users\/2"}],"replies":[{"embeddable":true,"href":"https:\/\/blog.agrofortis.pl\/index.php\/wp-json\/wp\/v2\/comments?post=340"}],"version-history":[{"count":34,"href":"https:\/\/blog.agrofortis.pl\/index.php\/wp-json\/wp\/v2\/pages\/340\/revisions"}],"predecessor-version":[{"id":1086,"href":"https:\/\/blog.agrofortis.pl\/index.php\/wp-json\/wp\/v2\/pages\/340\/revisions\/1086"}],"wp:attachment":[{"href":"https:\/\/blog.agrofortis.pl\/index.php\/wp-json\/wp\/v2\/media?parent=340"}],"curies":[{"name":"wp","href":"https:\/\/api.w.org\/{rel}","templated":true}]}}